{"id":1963,"date":"2021-12-21T23:31:59","date_gmt":"2021-12-21T23:31:59","guid":{"rendered":"https:\/\/yuvaokulyayinlari.com\/web\/?post_type=product&#038;p=1963"},"modified":"2026-03-26T13:00:57","modified_gmt":"2026-03-26T13:00:57","slug":"oyku-sandali","status":"publish","type":"product","link":"https:\/\/yuvaokulyayinlari.com\/web\/?product=oyku-sandali","title":{"rendered":"\u00d6yk\u00fc Sandal\u0131"},"content":{"rendered":"<p>\u0130kinci ve \u00fc\u00e7\u00fcnc\u00fc s\u0131n\u0131flar i\u00e7in haz\u0131rlanan ve on kitaptan olu\u015fan \u00d6yk\u00fc Sandal\u0131, birbirinden g\u00fczel \u00f6yk\u00fcleri ile \u00e7ocuklarla bulu\u015fuyor. Yuva Okul Yay\u0131nlar\u0131\u2019ndan \u00dclk\u00fc Duysak ve \u0130ffet Oral imzas\u0131yla \u00e7\u0131kan bu seri; yard\u0131mla\u015fma, dostluk, cesaret, hayal g\u00fcc\u00fc, empati, \u00f6z g\u00fcven, farkl\u0131l\u0131klara sayg\u0131, arkada\u015fl\u0131k gibi temalar\u0131 i\u015fliyor. Kahramanlarla birlikte kendi i\u00e7inizdeki g\u00fcc\u00fc ke\u015ffetmeye haz\u0131r m\u0131s\u0131n\u0131z?<\/p>\n","protected":false},"excerpt":{"rendered":"<p>\u0130kinci ve \u00fc\u00e7\u00fcnc\u00fc s\u0131n\u0131flar i\u00e7in haz\u0131rlanan ve on kitaptan olu\u015fan \u00d6yk\u00fc Sandal\u0131, birbirinden g\u00fczel \u00f6yk\u00fcleri ile \u00e7ocuklarla bulu\u015fuyor. Yuva Okul Yay\u0131nlar\u0131\u2019ndan \u00dclk\u00fc Duysak ve \u0130ffet Oral imzas\u0131yla \u00e7\u0131kan bu seri; yard\u0131mla\u015fma, dostluk, cesaret, hayal g\u00fcc\u00fc, empati, \u00f6z g\u00fcven, farkl\u0131l\u0131klara sayg\u0131, arkada\u015fl\u0131k gibi temalar\u0131 i\u015fliyor. Kahramanlarla birlikte kendi i\u00e7inizdeki g\u00fcc\u00fc ke\u015ffetmeye haz\u0131r m\u0131s\u0131n\u0131z?<\/p>\n","protected":false},"featured_media":1964,"template":"","meta":[],"product_brand":[],"product_cat":[144],"product_tag":[],"class_list":{"0":"post-1963","1":"product","2":"type-product","3":"status-publish","4":"has-post-thumbnail","6":"product_cat-2-3-sinif-hikaye","8":"first","9":"instock","10":"shipping-taxable","11":"purchasable","12":"product-type-simple"},"_links":{"self":[{"href":"https:\/\/yuvaokulyayinlari.com\/web\/index.php?rest_route=\/wp\/v2\/product\/1963","targetHints":{"allow":["GET"]}}],"collection":[{"href":"https:\/\/yuvaokulyayinlari.com\/web\/index.php?rest_route=\/wp\/v2\/product"}],"about":[{"href":"https:\/\/yuvaokulyayinlari.com\/web\/index.php?rest_route=\/wp\/v2\/types\/product"}],"wp:featuredmedia":[{"embeddable":true,"href":"https:\/\/yuvaokulyayinlari.com\/web\/index.php?rest_route=\/wp\/v2\/media\/1964"}],"wp:attachment":[{"href":"https:\/\/yuvaokulyayinlari.com\/web\/index.php?rest_route=%2Fwp%2Fv2%2Fmedia&parent=1963"}],"wp:term":[{"taxonomy":"product_brand","embeddable":true,"href":"https:\/\/yuvaokulyayinlari.com\/web\/index.php?rest_route=%2Fwp%2Fv2%2Fproduct_brand&post=1963"},{"taxonomy":"product_cat","embeddable":true,"href":"https:\/\/yuvaokulyayinlari.com\/web\/index.php?rest_route=%2Fwp%2Fv2%2Fproduct_cat&post=1963"},{"taxonomy":"product_tag","embeddable":true,"href":"https:\/\/yuvaokulyayinlari.com\/web\/index.php?rest_route=%2Fwp%2Fv2%2Fproduct_tag&post=1963"}],"curies":[{"name":"wp","href":"https:\/\/api.w.org\/{rel}","templated":true}]}}