{"id":1965,"date":"2021-12-21T23:35:16","date_gmt":"2021-12-21T23:35:16","guid":{"rendered":"https:\/\/yuvaokulyayinlari.com\/web\/?post_type=product&#038;p=1965"},"modified":"2026-03-26T13:00:57","modified_gmt":"2026-03-26T13:00:57","slug":"sevgi-cocuklari-okumayi-cok-seviyor","status":"publish","type":"product","link":"https:\/\/yuvaokulyayinlari.com\/web\/?product=sevgi-cocuklari-okumayi-cok-seviyor","title":{"rendered":"Sevgi \u00c7ocuklar\u0131 Okumay\u0131 \u00c7ok Seviyor \u00d6yk\u00fclerle Sevgi D\u00fcnyas\u0131"},"content":{"rendered":"<p>Okurlara farkl\u0131 d\u00fcnyalar\u0131n kap\u0131lar\u0131n\u0131 aralayacak, hayal g\u00fc\u00e7lerini zenginle\u015ftirecek bir seri geliyor. \u00dc\u00e7\u00fcnc\u00fc ve d\u00f6rd\u00fcnc\u00fc s\u0131n\u0131flar i\u00e7in haz\u0131rlanan, on kitaptan olu\u015fan Sevgi \u00c7ocuklar\u0131 Serisi\u2019yle soluksuz okuyaca\u011f\u0131n\u0131z maceralara ad\u0131m atacaks\u0131n\u0131z. Yuva Okul Yay\u0131nlar\u0131\u2019ndan Ahu G\u00f6lc\u00fco\u011fullar\u0131 Karag\u00fclle imzas\u0131yla \u00e7\u0131kan Sevgi \u00c7ocuklar\u0131 Serisi merak, bilim, kitap sevgisi, dostluk, arkada\u015fl\u0131k, yard\u0131mla\u015fma, cesaret, hayal g\u00fcc\u00fc, \u00f6z g\u00fcven, empati, do\u011fa sevgisi, sorumluluk alma gibi temalar\u0131 da i\u015fliyor<\/p>\n","protected":false},"excerpt":{"rendered":"<p>Okurlara farkl\u0131 d\u00fcnyalar\u0131n kap\u0131lar\u0131n\u0131 aralayacak, hayal g\u00fc\u00e7lerini zenginle\u015ftirecek bir seri geliyor. \u00dc\u00e7\u00fcnc\u00fc ve d\u00f6rd\u00fcnc\u00fc s\u0131n\u0131flar i\u00e7in haz\u0131rlanan, on kitaptan olu\u015fan Sevgi \u00c7ocuklar\u0131 Serisi\u2019yle soluksuz okuyaca\u011f\u0131n\u0131z maceralara ad\u0131m atacaks\u0131n\u0131z. Yuva Okul Yay\u0131nlar\u0131\u2019ndan Ahu G\u00f6lc\u00fco\u011fullar\u0131 Karag\u00fclle imzas\u0131yla \u00e7\u0131kan Sevgi \u00c7ocuklar\u0131 Serisi merak, bilim, kitap sevgisi, dostluk, arkada\u015fl\u0131k, yard\u0131mla\u015fma, cesaret, hayal g\u00fcc\u00fc, \u00f6z g\u00fcven, empati, do\u011fa sevgisi, sorumluluk [&hellip;]<\/p>\n","protected":false},"featured_media":2079,"template":"","meta":[],"product_brand":[],"product_cat":[145],"product_tag":[],"class_list":{"0":"post-1965","1":"product","2":"type-product","3":"status-publish","4":"has-post-thumbnail","6":"product_cat-3-4-sinif-hikaye","8":"first","9":"instock","10":"shipping-taxable","11":"purchasable","12":"product-type-simple"},"_links":{"self":[{"href":"https:\/\/yuvaokulyayinlari.com\/web\/index.php?rest_route=\/wp\/v2\/product\/1965","targetHints":{"allow":["GET"]}}],"collection":[{"href":"https:\/\/yuvaokulyayinlari.com\/web\/index.php?rest_route=\/wp\/v2\/product"}],"about":[{"href":"https:\/\/yuvaokulyayinlari.com\/web\/index.php?rest_route=\/wp\/v2\/types\/product"}],"wp:featuredmedia":[{"embeddable":true,"href":"https:\/\/yuvaokulyayinlari.com\/web\/index.php?rest_route=\/wp\/v2\/media\/2079"}],"wp:attachment":[{"href":"https:\/\/yuvaokulyayinlari.com\/web\/index.php?rest_route=%2Fwp%2Fv2%2Fmedia&parent=1965"}],"wp:term":[{"taxonomy":"product_brand","embeddable":true,"href":"https:\/\/yuvaokulyayinlari.com\/web\/index.php?rest_route=%2Fwp%2Fv2%2Fproduct_brand&post=1965"},{"taxonomy":"product_cat","embeddable":true,"href":"https:\/\/yuvaokulyayinlari.com\/web\/index.php?rest_route=%2Fwp%2Fv2%2Fproduct_cat&post=1965"},{"taxonomy":"product_tag","embeddable":true,"href":"https:\/\/yuvaokulyayinlari.com\/web\/index.php?rest_route=%2Fwp%2Fv2%2Fproduct_tag&post=1965"}],"curies":[{"name":"wp","href":"https:\/\/api.w.org\/{rel}","templated":true}]}}