{"id":1968,"date":"2021-12-21T23:38:27","date_gmt":"2021-12-21T23:38:27","guid":{"rendered":"https:\/\/yuvaokulyayinlari.com\/web\/?post_type=product&#038;p=1968"},"modified":"2025-11-27T16:19:36","modified_gmt":"2025-11-27T16:19:36","slug":"oyku-agaci","status":"publish","type":"product","link":"https:\/\/yuvaokulyayinlari.com\/web\/?product=oyku-agaci","title":{"rendered":"\u00d6yk\u00fc A\u011fac\u0131"},"content":{"rendered":"<p>Okumak, kitaplarla dost olmak, yaln\u0131zl\u0131\u011f\u0131n\u0131z\u0131 onlarla payla\u015fmak sizin her zaman di\u011ferlerinden \u00f6nde olman\u0131z\u0131 sa\u011flayacakt\u0131r. Sizlerin her zaman en ileride en iyi yerlerde olman\u0131z d\u00fc\u015f\u00fcncesiyle \u201cYuva Okul Yay\u0131nlar\u0131\u201d olarak on kitaptan olu\u015fan bir set haz\u0131rlad\u0131k. Setimizin ad\u0131 \u201c\u00d6yk\u00fc A\u011fac\u0131\u201d Bu sette sizleri daha \u00f6nce tan\u0131\u015fmad\u0131\u011f\u0131n\u0131z kimselerle tan\u0131\u015ft\u0131raca\u011f\u0131z. Hi\u00e7 g\u00f6rmedi\u011finiz yerlere g\u00f6t\u00fcrece\u011fiz.<\/p>\n","protected":false},"excerpt":{"rendered":"<p>Okumak, kitaplarla dost olmak, yaln\u0131zl\u0131\u011f\u0131n\u0131z\u0131 onlarla payla\u015fmak sizin her zaman di\u011ferlerinden \u00f6nde olman\u0131z\u0131 sa\u011flayacakt\u0131r. Sizlerin her zaman en ileride en iyi yerlerde olman\u0131z d\u00fc\u015f\u00fcncesiyle \u201cYuva Okul Yay\u0131nlar\u0131\u201d olarak on kitaptan olu\u015fan bir set haz\u0131rlad\u0131k. Setimizin ad\u0131 \u201c\u00d6yk\u00fc A\u011fac\u0131\u201d Bu sette sizleri daha \u00f6nce tan\u0131\u015fmad\u0131\u011f\u0131n\u0131z kimselerle tan\u0131\u015ft\u0131raca\u011f\u0131z. Hi\u00e7 g\u00f6rmedi\u011finiz yerlere g\u00f6t\u00fcrece\u011fiz.<\/p>\n","protected":false},"featured_media":1969,"template":"","meta":[],"product_brand":[],"product_cat":[145],"product_tag":[],"class_list":{"0":"post-1968","1":"product","2":"type-product","3":"status-publish","4":"has-post-thumbnail","6":"product_cat-3-4-sinif-hikaye","8":"first","9":"instock","10":"shipping-taxable","11":"purchasable","12":"product-type-simple"},"_links":{"self":[{"href":"https:\/\/yuvaokulyayinlari.com\/web\/index.php?rest_route=\/wp\/v2\/product\/1968","targetHints":{"allow":["GET"]}}],"collection":[{"href":"https:\/\/yuvaokulyayinlari.com\/web\/index.php?rest_route=\/wp\/v2\/product"}],"about":[{"href":"https:\/\/yuvaokulyayinlari.com\/web\/index.php?rest_route=\/wp\/v2\/types\/product"}],"wp:featuredmedia":[{"embeddable":true,"href":"https:\/\/yuvaokulyayinlari.com\/web\/index.php?rest_route=\/wp\/v2\/media\/1969"}],"wp:attachment":[{"href":"https:\/\/yuvaokulyayinlari.com\/web\/index.php?rest_route=%2Fwp%2Fv2%2Fmedia&parent=1968"}],"wp:term":[{"taxonomy":"product_brand","embeddable":true,"href":"https:\/\/yuvaokulyayinlari.com\/web\/index.php?rest_route=%2Fwp%2Fv2%2Fproduct_brand&post=1968"},{"taxonomy":"product_cat","embeddable":true,"href":"https:\/\/yuvaokulyayinlari.com\/web\/index.php?rest_route=%2Fwp%2Fv2%2Fproduct_cat&post=1968"},{"taxonomy":"product_tag","embeddable":true,"href":"https:\/\/yuvaokulyayinlari.com\/web\/index.php?rest_route=%2Fwp%2Fv2%2Fproduct_tag&post=1968"}],"curies":[{"name":"wp","href":"https:\/\/api.w.org\/{rel}","templated":true}]}}