{"id":1970,"date":"2021-12-21T23:40:07","date_gmt":"2021-12-21T23:40:07","guid":{"rendered":"https:\/\/yuvaokulyayinlari.com\/web\/?post_type=product&#038;p=1970"},"modified":"2025-11-27T16:19:29","modified_gmt":"2025-11-27T16:19:29","slug":"super-gezegenler","status":"publish","type":"product","link":"https:\/\/yuvaokulyayinlari.com\/web\/?product=super-gezegenler","title":{"rendered":"S\u00fcper Gezginler KARI\u015e KARI\u015e T\u00dcRK\u0130YEM"},"content":{"rendered":"<p>3. ve 4. S\u0131n\u0131flar i\u00e7in haz\u0131rlanan S\u00fcper Gezginler hik\u00e2ye seti on kitaptan olu\u015fmaktad\u0131r. Her kitapta \u00fclkemizde bulunan bir tarihi eser ile bilgi verilmektedir. Ayr\u0131ca her \u015fehrin k\u00fclt\u00fcr\u00fc, tarihi de \u00e7ocuklar\u0131n g\u00f6z\u00fcnden anlat\u0131lm\u0131\u015ft\u0131r. Hik\u00e2yelerde ge\u00e7en yerler, tarihi olaylar, k\u00fclt\u00fcr \u00f6geleri, M.E.B ilkokul kazan\u0131mlar\u0131na, temalar\u0131na uygundur. Bu sette, \u00e7ocuklar\u0131n gezerken bilgiye ula\u015fmalar\u0131 hedeflenmi\u015ftir. \u00c7ocuklar\u0131m\u0131z i\u00e7in faydal\u0131 olmas\u0131 dile\u011fiyle&#8230; Sizde S\u00fcper Gezginlere kat\u0131l\u0131n! Onlar\u0131n maceralar\u0131nda bilgiye ula\u015f\u0131n. S\u00fcper Gezginler yola \u00e7\u0131kt\u0131lar. Sizleri de bekliyorlar&#8230;<\/p>\n","protected":false},"excerpt":{"rendered":"<p>3. ve 4. S\u0131n\u0131flar i\u00e7in haz\u0131rlanan S\u00fcper Gezginler hik\u00e2ye seti on kitaptan olu\u015fmaktad\u0131r. Her kitapta \u00fclkemizde bulunan bir tarihi eser ile bilgi verilmektedir. Ayr\u0131ca her \u015fehrin k\u00fclt\u00fcr\u00fc, tarihi de \u00e7ocuklar\u0131n g\u00f6z\u00fcnden anlat\u0131lm\u0131\u015ft\u0131r. Hik\u00e2yelerde ge\u00e7en yerler, tarihi olaylar, k\u00fclt\u00fcr \u00f6geleri, M.E.B ilkokul kazan\u0131mlar\u0131na, temalar\u0131na uygundur. Bu sette, \u00e7ocuklar\u0131n gezerken bilgiye ula\u015fmalar\u0131 hedeflenmi\u015ftir. \u00c7ocuklar\u0131m\u0131z i\u00e7in faydal\u0131 olmas\u0131 [&hellip;]<\/p>\n","protected":false},"featured_media":1971,"template":"","meta":[],"product_brand":[],"product_cat":[145],"product_tag":[],"class_list":{"0":"post-1970","1":"product","2":"type-product","3":"status-publish","4":"has-post-thumbnail","6":"product_cat-3-4-sinif-hikaye","8":"first","9":"instock","10":"shipping-taxable","11":"purchasable","12":"product-type-simple"},"_links":{"self":[{"href":"https:\/\/yuvaokulyayinlari.com\/web\/index.php?rest_route=\/wp\/v2\/product\/1970","targetHints":{"allow":["GET"]}}],"collection":[{"href":"https:\/\/yuvaokulyayinlari.com\/web\/index.php?rest_route=\/wp\/v2\/product"}],"about":[{"href":"https:\/\/yuvaokulyayinlari.com\/web\/index.php?rest_route=\/wp\/v2\/types\/product"}],"wp:featuredmedia":[{"embeddable":true,"href":"https:\/\/yuvaokulyayinlari.com\/web\/index.php?rest_route=\/wp\/v2\/media\/1971"}],"wp:attachment":[{"href":"https:\/\/yuvaokulyayinlari.com\/web\/index.php?rest_route=%2Fwp%2Fv2%2Fmedia&parent=1970"}],"wp:term":[{"taxonomy":"product_brand","embeddable":true,"href":"https:\/\/yuvaokulyayinlari.com\/web\/index.php?rest_route=%2Fwp%2Fv2%2Fproduct_brand&post=1970"},{"taxonomy":"product_cat","embeddable":true,"href":"https:\/\/yuvaokulyayinlari.com\/web\/index.php?rest_route=%2Fwp%2Fv2%2Fproduct_cat&post=1970"},{"taxonomy":"product_tag","embeddable":true,"href":"https:\/\/yuvaokulyayinlari.com\/web\/index.php?rest_route=%2Fwp%2Fv2%2Fproduct_tag&post=1970"}],"curies":[{"name":"wp","href":"https:\/\/api.w.org\/{rel}","templated":true}]}}