{"id":1972,"date":"2021-12-21T23:44:29","date_gmt":"2021-12-21T23:44:29","guid":{"rendered":"https:\/\/yuvaokulyayinlari.com\/web\/?post_type=product&#038;p=1972"},"modified":"2025-11-27T16:19:21","modified_gmt":"2025-11-27T16:19:21","slug":"hikayelerle-atasozleri","status":"publish","type":"product","link":"https:\/\/yuvaokulyayinlari.com\/web\/?product=hikayelerle-atasozleri","title":{"rendered":"Hikayelerle Atas\u00f6zleri"},"content":{"rendered":"<p>Atalar\u0131m\u0131z biiirrr s\u00fcr\u00fc s\u00f6z s\u00f6ylemi\u015f. S\u00f6ylemi\u015f s\u00f6ylemesine ama acaba ne demek istemi\u015f? San\u0131r\u0131m bu konuda kafam biraz kar\u0131\u015f\u0131k. Sen de benimle ayn\u0131 durumdaysan elindeki kitap \u00e7ok i\u015fine yarayacak demektir. Ha sanma ki bu, s\u0131k\u0131c\u0131 bir atas\u00f6zleri s\u00f6zl\u00fc\u011f\u00fc. \u0130\u00e7inde e\u011flenceli mi e\u011flenceli hik\u00e2yeler var. Malum b\u00fcy\u00fckler bu s\u00f6zleri kullanmay\u0131 \u00e7ok seviyorlar. O y\u00fczden ne kadar erken \u00f6\u011frenirsek o kadar iyi. Ee ne demi\u015fler? A\u011fa\u00e7 ya\u015fken e\u011filir. \u0130hi ihi\u2026 O kadar da fena de\u011filmi\u015fim asl\u0131nda, dimi?<\/p>\n","protected":false},"excerpt":{"rendered":"<p>Atalar\u0131m\u0131z biiirrr s\u00fcr\u00fc s\u00f6z s\u00f6ylemi\u015f. S\u00f6ylemi\u015f s\u00f6ylemesine ama acaba ne demek istemi\u015f? San\u0131r\u0131m bu konuda kafam biraz kar\u0131\u015f\u0131k. Sen de benimle ayn\u0131 durumdaysan elindeki kitap \u00e7ok i\u015fine yarayacak demektir. Ha sanma ki bu, s\u0131k\u0131c\u0131 bir atas\u00f6zleri s\u00f6zl\u00fc\u011f\u00fc. \u0130\u00e7inde e\u011flenceli mi e\u011flenceli hik\u00e2yeler var. Malum b\u00fcy\u00fckler bu s\u00f6zleri kullanmay\u0131 \u00e7ok seviyorlar. O y\u00fczden ne kadar erken [&hellip;]<\/p>\n","protected":false},"featured_media":1973,"template":"","meta":[],"product_brand":[],"product_cat":[145],"product_tag":[],"class_list":{"0":"post-1972","1":"product","2":"type-product","3":"status-publish","4":"has-post-thumbnail","6":"product_cat-3-4-sinif-hikaye","8":"first","9":"instock","10":"shipping-taxable","11":"purchasable","12":"product-type-simple"},"_links":{"self":[{"href":"https:\/\/yuvaokulyayinlari.com\/web\/index.php?rest_route=\/wp\/v2\/product\/1972","targetHints":{"allow":["GET"]}}],"collection":[{"href":"https:\/\/yuvaokulyayinlari.com\/web\/index.php?rest_route=\/wp\/v2\/product"}],"about":[{"href":"https:\/\/yuvaokulyayinlari.com\/web\/index.php?rest_route=\/wp\/v2\/types\/product"}],"wp:featuredmedia":[{"embeddable":true,"href":"https:\/\/yuvaokulyayinlari.com\/web\/index.php?rest_route=\/wp\/v2\/media\/1973"}],"wp:attachment":[{"href":"https:\/\/yuvaokulyayinlari.com\/web\/index.php?rest_route=%2Fwp%2Fv2%2Fmedia&parent=1972"}],"wp:term":[{"taxonomy":"product_brand","embeddable":true,"href":"https:\/\/yuvaokulyayinlari.com\/web\/index.php?rest_route=%2Fwp%2Fv2%2Fproduct_brand&post=1972"},{"taxonomy":"product_cat","embeddable":true,"href":"https:\/\/yuvaokulyayinlari.com\/web\/index.php?rest_route=%2Fwp%2Fv2%2Fproduct_cat&post=1972"},{"taxonomy":"product_tag","embeddable":true,"href":"https:\/\/yuvaokulyayinlari.com\/web\/index.php?rest_route=%2Fwp%2Fv2%2Fproduct_tag&post=1972"}],"curies":[{"name":"wp","href":"https:\/\/api.w.org\/{rel}","templated":true}]}}