{"id":1977,"date":"2021-12-21T23:49:38","date_gmt":"2021-12-21T23:49:38","guid":{"rendered":"https:\/\/yuvaokulyayinlari.com\/web\/?post_type=product&#038;p=1977"},"modified":"2025-05-28T08:17:17","modified_gmt":"2025-05-28T08:17:17","slug":"oyku-irmagi","status":"publish","type":"product","link":"https:\/\/yuvaokulyayinlari.com\/web\/?product=oyku-irmagi","title":{"rendered":"Temalarla \u00d6yk\u00fc Irma\u011f\u0131 4.S\u0131n\u0131f (10 Kitap)"},"content":{"rendered":"<p>Okurlara farkl\u0131 d\u00fcnyalar\u0131n kap\u0131lar\u0131n\u0131 aralayacak, hayal g\u00fc\u00e7lerini zenginle\u015ftirecek bir seri geliyor. \u00dc\u00e7\u00fcnc\u00fc ve D\u00f6rd\u00fcnc\u00fc s\u0131n\u0131flar i\u00e7in haz\u0131rlanan, on kitaptan olu\u015fan \u00d6yk\u00fc Irma\u011f\u0131 Seti\u2019yle soluksuz okuyaca\u011f\u0131n\u0131z maceralara ad\u0131m atacaks\u0131n\u0131z. Yuva Okul Yay\u0131nlar\u0131\u2019ndan \u00d6zg\u00fcr Sinan imzas\u0131yla \u00e7\u0131kan \u00d6yk\u00fc Irma\u011f\u0131 Setinde kahramanlar\u0131m\u0131z\u0131n ba\u015flar\u0131na gelen olaylar\u0131 i\u015fledi\u011fimiz temalarla ili\u015fkilendirerek vermeye \u00e7al\u0131\u015ft\u0131k. Sizleri de maceralar\u0131m\u0131za bekliyoruz.<\/p>\n","protected":false},"excerpt":{"rendered":"<p>Okurlara farkl\u0131 d\u00fcnyalar\u0131n kap\u0131lar\u0131n\u0131 aralayacak, hayal g\u00fc\u00e7lerini zenginle\u015ftirecek bir seri geliyor. \u00dc\u00e7\u00fcnc\u00fc ve D\u00f6rd\u00fcnc\u00fc s\u0131n\u0131flar i\u00e7in haz\u0131rlanan, on kitaptan olu\u015fan \u00d6yk\u00fc Irma\u011f\u0131 Seti\u2019yle soluksuz okuyaca\u011f\u0131n\u0131z maceralara ad\u0131m atacaks\u0131n\u0131z. Yuva Okul Yay\u0131nlar\u0131\u2019ndan \u00d6zg\u00fcr Sinan imzas\u0131yla \u00e7\u0131kan \u00d6yk\u00fc Irma\u011f\u0131 Setinde kahramanlar\u0131m\u0131z\u0131n ba\u015flar\u0131na gelen olaylar\u0131 i\u015fledi\u011fimiz temalarla ili\u015fkilendirerek vermeye \u00e7al\u0131\u015ft\u0131k. Sizleri de maceralar\u0131m\u0131za bekliyoruz.<\/p>\n","protected":false},"featured_media":1978,"template":"","meta":[],"product_brand":[],"product_cat":[145],"product_tag":[],"class_list":{"0":"post-1977","1":"product","2":"type-product","3":"status-publish","4":"has-post-thumbnail","6":"product_cat-3-4-sinif-hikaye","8":"first","9":"instock","10":"shipping-taxable","11":"purchasable","12":"product-type-simple"},"_links":{"self":[{"href":"https:\/\/yuvaokulyayinlari.com\/web\/index.php?rest_route=\/wp\/v2\/product\/1977","targetHints":{"allow":["GET"]}}],"collection":[{"href":"https:\/\/yuvaokulyayinlari.com\/web\/index.php?rest_route=\/wp\/v2\/product"}],"about":[{"href":"https:\/\/yuvaokulyayinlari.com\/web\/index.php?rest_route=\/wp\/v2\/types\/product"}],"wp:featuredmedia":[{"embeddable":true,"href":"https:\/\/yuvaokulyayinlari.com\/web\/index.php?rest_route=\/wp\/v2\/media\/1978"}],"wp:attachment":[{"href":"https:\/\/yuvaokulyayinlari.com\/web\/index.php?rest_route=%2Fwp%2Fv2%2Fmedia&parent=1977"}],"wp:term":[{"taxonomy":"product_brand","embeddable":true,"href":"https:\/\/yuvaokulyayinlari.com\/web\/index.php?rest_route=%2Fwp%2Fv2%2Fproduct_brand&post=1977"},{"taxonomy":"product_cat","embeddable":true,"href":"https:\/\/yuvaokulyayinlari.com\/web\/index.php?rest_route=%2Fwp%2Fv2%2Fproduct_cat&post=1977"},{"taxonomy":"product_tag","embeddable":true,"href":"https:\/\/yuvaokulyayinlari.com\/web\/index.php?rest_route=%2Fwp%2Fv2%2Fproduct_tag&post=1977"}],"curies":[{"name":"wp","href":"https:\/\/api.w.org\/{rel}","templated":true}]}}