{"id":1995,"date":"2022-04-21T13:35:03","date_gmt":"2022-04-21T13:35:03","guid":{"rendered":"https:\/\/yuvaokulyayinlari.com\/web\/?post_type=product&#038;p=1995"},"modified":"2024-07-03T15:34:48","modified_gmt":"2024-07-03T15:34:48","slug":"turk-ve-dunya-klasikleri-4-sinif","status":"publish","type":"product","link":"https:\/\/yuvaokulyayinlari.com\/web\/?product=turk-ve-dunya-klasikleri-4-sinif","title":{"rendered":"T\u00fcrk ve D\u00fcnya Klasikleri 4.S\u0131n\u0131f"},"content":{"rendered":"","protected":false},"excerpt":{"rendered":"","protected":false},"featured_media":1997,"template":"","meta":[],"product_brand":[],"product_cat":[146],"product_tag":[67,153],"class_list":{"0":"post-1995","1":"product","2":"type-product","3":"status-publish","4":"has-post-thumbnail","6":"product_cat-4-sinif-hikaye","7":"product_tag-hikaye","8":"product_tag-hikayeler","10":"first","11":"instock","12":"shipping-taxable","13":"purchasable","14":"product-type-simple"},"_links":{"self":[{"href":"https:\/\/yuvaokulyayinlari.com\/web\/index.php?rest_route=\/wp\/v2\/product\/1995","targetHints":{"allow":["GET"]}}],"collection":[{"href":"https:\/\/yuvaokulyayinlari.com\/web\/index.php?rest_route=\/wp\/v2\/product"}],"about":[{"href":"https:\/\/yuvaokulyayinlari.com\/web\/index.php?rest_route=\/wp\/v2\/types\/product"}],"wp:featuredmedia":[{"embeddable":true,"href":"https:\/\/yuvaokulyayinlari.com\/web\/index.php?rest_route=\/wp\/v2\/media\/1997"}],"wp:attachment":[{"href":"https:\/\/yuvaokulyayinlari.com\/web\/index.php?rest_route=%2Fwp%2Fv2%2Fmedia&parent=1995"}],"wp:term":[{"taxonomy":"product_brand","embeddable":true,"href":"https:\/\/yuvaokulyayinlari.com\/web\/index.php?rest_route=%2Fwp%2Fv2%2Fproduct_brand&post=1995"},{"taxonomy":"product_cat","embeddable":true,"href":"https:\/\/yuvaokulyayinlari.com\/web\/index.php?rest_route=%2Fwp%2Fv2%2Fproduct_cat&post=1995"},{"taxonomy":"product_tag","embeddable":true,"href":"https:\/\/yuvaokulyayinlari.com\/web\/index.php?rest_route=%2Fwp%2Fv2%2Fproduct_tag&post=1995"}],"curies":[{"name":"wp","href":"https:\/\/api.w.org\/{rel}","templated":true}]}}