{"id":2009,"date":"2022-08-17T07:22:14","date_gmt":"2022-08-17T07:22:14","guid":{"rendered":"https:\/\/yuvaokulyayinlari.com\/web\/?post_type=product&#038;p=2009"},"modified":"2026-03-26T13:00:57","modified_gmt":"2026-03-26T13:00:57","slug":"oykulerle-fen-gezegeni","status":"publish","type":"product","link":"https:\/\/yuvaokulyayinlari.com\/web\/?product=oykulerle-fen-gezegeni","title":{"rendered":"\u00d6yk\u00fclerle Fen Gezegeni"},"content":{"rendered":"<p>3.ve 4. S\u0131n\u0131flar \u0130\u00e7in E\u011flenceli Fen \u00d6yk\u00fcleri<\/p>\n<p>10 Kitap<\/p>\n<p>Soru Kitap\u00e7\u0131\u011f\u0131 ilaveli<\/p>\n","protected":false},"excerpt":{"rendered":"<p>3.ve 4. S\u0131n\u0131flar \u0130\u00e7in E\u011flenceli Fen \u00d6yk\u00fcleri 10 Kitap Soru Kitap\u00e7\u0131\u011f\u0131 ilaveli<\/p>\n","protected":false},"featured_media":2010,"template":"","meta":[],"product_brand":[],"product_cat":[15,145],"product_tag":[],"class_list":{"0":"post-2009","1":"product","2":"type-product","3":"status-publish","4":"has-post-thumbnail","6":"product_cat-genel","7":"product_cat-3-4-sinif-hikaye","9":"first","10":"instock","11":"shipping-taxable","12":"purchasable","13":"product-type-simple"},"_links":{"self":[{"href":"https:\/\/yuvaokulyayinlari.com\/web\/index.php?rest_route=\/wp\/v2\/product\/2009","targetHints":{"allow":["GET"]}}],"collection":[{"href":"https:\/\/yuvaokulyayinlari.com\/web\/index.php?rest_route=\/wp\/v2\/product"}],"about":[{"href":"https:\/\/yuvaokulyayinlari.com\/web\/index.php?rest_route=\/wp\/v2\/types\/product"}],"wp:featuredmedia":[{"embeddable":true,"href":"https:\/\/yuvaokulyayinlari.com\/web\/index.php?rest_route=\/wp\/v2\/media\/2010"}],"wp:attachment":[{"href":"https:\/\/yuvaokulyayinlari.com\/web\/index.php?rest_route=%2Fwp%2Fv2%2Fmedia&parent=2009"}],"wp:term":[{"taxonomy":"product_brand","embeddable":true,"href":"https:\/\/yuvaokulyayinlari.com\/web\/index.php?rest_route=%2Fwp%2Fv2%2Fproduct_brand&post=2009"},{"taxonomy":"product_cat","embeddable":true,"href":"https:\/\/yuvaokulyayinlari.com\/web\/index.php?rest_route=%2Fwp%2Fv2%2Fproduct_cat&post=2009"},{"taxonomy":"product_tag","embeddable":true,"href":"https:\/\/yuvaokulyayinlari.com\/web\/index.php?rest_route=%2Fwp%2Fv2%2Fproduct_tag&post=2009"}],"curies":[{"name":"wp","href":"https:\/\/api.w.org\/{rel}","templated":true}]}}