{"id":2029,"date":"2022-09-06T13:28:27","date_gmt":"2022-09-06T13:28:27","guid":{"rendered":"https:\/\/yuvaokulyayinlari.com\/web\/?post_type=product&#038;p=2029"},"modified":"2026-03-26T13:00:57","modified_gmt":"2026-03-26T13:00:57","slug":"2-sinif-her-haftaya-bir-oyku-bir-tema","status":"publish","type":"product","link":"https:\/\/yuvaokulyayinlari.com\/web\/?product=2-sinif-her-haftaya-bir-oyku-bir-tema","title":{"rendered":"2.SINIF HER HAFTAYA B\u0130R \u00d6YK\u00dc B\u0130R TEMA"},"content":{"rendered":"<p>Oku,Anla,Cevapla<br \/>\n36 Haftaya Uygun Temalar<br \/>\nHaftal\u0131k Tema Odakl\u0131 \u00d6yk\u00fcler<br \/>\nTemalara Uygun Testler<br \/>\nYeni Nesil \u00d6yk\u00fclerle Kazan\u0131m E\u011fitim<\/p>\n","protected":false},"excerpt":{"rendered":"<p>Oku,Anla,Cevapla 36 Haftaya Uygun Temalar Haftal\u0131k Tema Odakl\u0131 \u00d6yk\u00fcler Temalara Uygun Testler Yeni Nesil \u00d6yk\u00fclerle Kazan\u0131m E\u011fitim<\/p>\n","protected":false},"featured_media":2021,"template":"","meta":[],"product_brand":[],"product_cat":[144],"product_tag":[],"class_list":{"0":"post-2029","1":"product","2":"type-product","3":"status-publish","4":"has-post-thumbnail","6":"product_cat-2-3-sinif-hikaye","8":"first","9":"instock","10":"shipping-taxable","11":"purchasable","12":"product-type-simple"},"_links":{"self":[{"href":"https:\/\/yuvaokulyayinlari.com\/web\/index.php?rest_route=\/wp\/v2\/product\/2029","targetHints":{"allow":["GET"]}}],"collection":[{"href":"https:\/\/yuvaokulyayinlari.com\/web\/index.php?rest_route=\/wp\/v2\/product"}],"about":[{"href":"https:\/\/yuvaokulyayinlari.com\/web\/index.php?rest_route=\/wp\/v2\/types\/product"}],"wp:featuredmedia":[{"embeddable":true,"href":"https:\/\/yuvaokulyayinlari.com\/web\/index.php?rest_route=\/wp\/v2\/media\/2021"}],"wp:attachment":[{"href":"https:\/\/yuvaokulyayinlari.com\/web\/index.php?rest_route=%2Fwp%2Fv2%2Fmedia&parent=2029"}],"wp:term":[{"taxonomy":"product_brand","embeddable":true,"href":"https:\/\/yuvaokulyayinlari.com\/web\/index.php?rest_route=%2Fwp%2Fv2%2Fproduct_brand&post=2029"},{"taxonomy":"product_cat","embeddable":true,"href":"https:\/\/yuvaokulyayinlari.com\/web\/index.php?rest_route=%2Fwp%2Fv2%2Fproduct_cat&post=2029"},{"taxonomy":"product_tag","embeddable":true,"href":"https:\/\/yuvaokulyayinlari.com\/web\/index.php?rest_route=%2Fwp%2Fv2%2Fproduct_tag&post=2029"}],"curies":[{"name":"wp","href":"https:\/\/api.w.org\/{rel}","templated":true}]}}