{"id":2030,"date":"2022-09-06T13:36:54","date_gmt":"2022-09-06T13:36:54","guid":{"rendered":"https:\/\/yuvaokulyayinlari.com\/web\/?post_type=product&#038;p=2030"},"modified":"2026-03-26T13:00:57","modified_gmt":"2026-03-26T13:00:57","slug":"2-sinif-turkce-her-haftaya-bir-oyku-bir-etkinlik","status":"publish","type":"product","link":"https:\/\/yuvaokulyayinlari.com\/web\/?product=2-sinif-turkce-her-haftaya-bir-oyku-bir-etkinlik","title":{"rendered":"2.SINIF T\u00dcRK\u00c7E HER HAFTAYA B\u0130R \u00d6YK\u00dc B\u0130R ETK\u0130NL\u0130K"},"content":{"rendered":"<p>Her Haftaya Bir Konu<br \/>\n36 Haftaya Uygun Kazan\u0131mlar<br \/>\nHaftal\u0131k Kazan\u0131m Odakl\u0131 \u00d6yk\u00fcler<br \/>\nKazan\u0131ma Uygun Etkinlik Sayfalar\u0131<br \/>\nYeni Nesil \u00d6yk\u00fclerle Kazan\u0131m E\u011fitimi<\/p>\n","protected":false},"excerpt":{"rendered":"<p>Her Haftaya Bir Konu 36 Haftaya Uygun Kazan\u0131mlar Haftal\u0131k Kazan\u0131m Odakl\u0131 \u00d6yk\u00fcler Kazan\u0131ma Uygun Etkinlik Sayfalar\u0131 Yeni Nesil \u00d6yk\u00fclerle Kazan\u0131m E\u011fitimi<\/p>\n","protected":false},"featured_media":2023,"template":"","meta":[],"product_brand":[],"product_cat":[144],"product_tag":[],"class_list":{"0":"post-2030","1":"product","2":"type-product","3":"status-publish","4":"has-post-thumbnail","6":"product_cat-2-3-sinif-hikaye","8":"first","9":"instock","10":"shipping-taxable","11":"purchasable","12":"product-type-simple"},"_links":{"self":[{"href":"https:\/\/yuvaokulyayinlari.com\/web\/index.php?rest_route=\/wp\/v2\/product\/2030","targetHints":{"allow":["GET"]}}],"collection":[{"href":"https:\/\/yuvaokulyayinlari.com\/web\/index.php?rest_route=\/wp\/v2\/product"}],"about":[{"href":"https:\/\/yuvaokulyayinlari.com\/web\/index.php?rest_route=\/wp\/v2\/types\/product"}],"wp:featuredmedia":[{"embeddable":true,"href":"https:\/\/yuvaokulyayinlari.com\/web\/index.php?rest_route=\/wp\/v2\/media\/2023"}],"wp:attachment":[{"href":"https:\/\/yuvaokulyayinlari.com\/web\/index.php?rest_route=%2Fwp%2Fv2%2Fmedia&parent=2030"}],"wp:term":[{"taxonomy":"product_brand","embeddable":true,"href":"https:\/\/yuvaokulyayinlari.com\/web\/index.php?rest_route=%2Fwp%2Fv2%2Fproduct_brand&post=2030"},{"taxonomy":"product_cat","embeddable":true,"href":"https:\/\/yuvaokulyayinlari.com\/web\/index.php?rest_route=%2Fwp%2Fv2%2Fproduct_cat&post=2030"},{"taxonomy":"product_tag","embeddable":true,"href":"https:\/\/yuvaokulyayinlari.com\/web\/index.php?rest_route=%2Fwp%2Fv2%2Fproduct_tag&post=2030"}],"curies":[{"name":"wp","href":"https:\/\/api.w.org\/{rel}","templated":true}]}}