{"id":2063,"date":"2023-12-26T15:50:16","date_gmt":"2023-12-26T15:50:16","guid":{"rendered":"https:\/\/yuvaokulyayinlari.com\/web\/?post_type=product&#038;p=2063"},"modified":"2025-11-27T16:17:04","modified_gmt":"2025-11-27T16:17:04","slug":"kuresel-isinma-dunyamizi-kurtaralim","status":"publish","type":"product","link":"https:\/\/yuvaokulyayinlari.com\/web\/?product=kuresel-isinma-dunyamizi-kurtaralim","title":{"rendered":"K\u00fcresel Is\u0131nma D\u00fcnyam\u0131z\u0131 Kurtaral\u0131m"},"content":{"rendered":"<p>10 kitap + Soru Kitap\u00e7\u0131\u011f\u0131 ilaveli<\/p>\n","protected":false},"excerpt":{"rendered":"<p>10 kitap + Soru Kitap\u00e7\u0131\u011f\u0131 ilaveli<\/p>\n","protected":false},"featured_media":2065,"template":"","meta":[],"product_brand":[],"product_cat":[15,145],"product_tag":[],"class_list":{"0":"post-2063","1":"product","2":"type-product","3":"status-publish","4":"has-post-thumbnail","6":"product_cat-genel","7":"product_cat-3-4-sinif-hikaye","9":"first","10":"instock","11":"shipping-taxable","12":"purchasable","13":"product-type-simple"},"_links":{"self":[{"href":"https:\/\/yuvaokulyayinlari.com\/web\/index.php?rest_route=\/wp\/v2\/product\/2063","targetHints":{"allow":["GET"]}}],"collection":[{"href":"https:\/\/yuvaokulyayinlari.com\/web\/index.php?rest_route=\/wp\/v2\/product"}],"about":[{"href":"https:\/\/yuvaokulyayinlari.com\/web\/index.php?rest_route=\/wp\/v2\/types\/product"}],"wp:featuredmedia":[{"embeddable":true,"href":"https:\/\/yuvaokulyayinlari.com\/web\/index.php?rest_route=\/wp\/v2\/media\/2065"}],"wp:attachment":[{"href":"https:\/\/yuvaokulyayinlari.com\/web\/index.php?rest_route=%2Fwp%2Fv2%2Fmedia&parent=2063"}],"wp:term":[{"taxonomy":"product_brand","embeddable":true,"href":"https:\/\/yuvaokulyayinlari.com\/web\/index.php?rest_route=%2Fwp%2Fv2%2Fproduct_brand&post=2063"},{"taxonomy":"product_cat","embeddable":true,"href":"https:\/\/yuvaokulyayinlari.com\/web\/index.php?rest_route=%2Fwp%2Fv2%2Fproduct_cat&post=2063"},{"taxonomy":"product_tag","embeddable":true,"href":"https:\/\/yuvaokulyayinlari.com\/web\/index.php?rest_route=%2Fwp%2Fv2%2Fproduct_tag&post=2063"}],"curies":[{"name":"wp","href":"https:\/\/api.w.org\/{rel}","templated":true}]}}